{"id":3,"date":"2019-05-09T13:56:34","date_gmt":"2019-05-09T11:56:34","guid":{"rendered":"http:\/\/farmaciaelodialopez.com\/?page_id=3"},"modified":"2021-11-09T10:03:26","modified_gmt":"2021-11-09T09:03:26","slug":"politica-privacidad","status":"publish","type":"page","link":"https:\/\/farmaciaelodialopez.com\/es\/politica-privacidad\/","title":{"rendered":"Pol\u00edtica de privacidad"},"content":{"rendered":"<table>\n<tbody>\n<tr>\n<td colspan=\"3\" width=\"693\">\n<p><strong>Informaci\u00f3n adicional sobre protecci\u00f3n de datos.<\/strong><\/p>\n<\/td>\n<\/tr>\n<tr>\n<td width=\"106\">\n<p>Responsable<\/p>\n<\/td>\n<td colspan=\"2\" width=\"587\">\n<p>Farmacia: Mar\u00eda Elodia L\u00f3pez Moncho.<\/p>\n<p>CIF: 21627970N<\/p>\n<p>Direcci\u00f3n: Avda. Gand\u00eda 65, 03830 Muro de Alcoy (Alicante)<\/p>\n<p>Tel\u00e9fono: 966517187<\/p>\n<\/td>\n<\/tr>\n<tr>\n<td width=\"106\">\n<p>Finalidad<\/p>\n<\/td>\n<td width=\"293\">\n<p>Gesti\u00f3n de consultas recibidas a trav\u00e9s de la web:<\/p>\n<p>Se podr\u00e1 elaborar perfiles de clientes en base a las consultas registradas con objeto de enviar informaci\u00f3n de los productos y\/o servicios de la farmacia de forma m\u00e1s personalizada. En ning\u00fan caso este hecho permitir\u00e1 la toma de decisiones automatizadas en relaci\u00f3n a la prestaci\u00f3n o no del servicio por parte de la farmacia.<\/p>\n<p>Los datos ser\u00e1n destruidos pasados 5 a\u00f1os desde la fecha de la consulta<\/p>\n<\/td>\n<td width=\"293\">\n<p>Gesti\u00f3n de pedidos: recepci\u00f3n, tramitaci\u00f3n y env\u00edo del pedido.<\/p>\n<p>Gesti\u00f3n de clientes:<\/p>\n<p>Contactar en caso de necesidad.<\/p>\n<p>Hist\u00f3rico transacciones comerciales.<\/p>\n<p>Env\u00edo de informaci\u00f3n sobre los productos y\/o servicios de la farmacia.<\/p>\n<p>Se podr\u00e1 elaborar perfiles de clientes en base a las ventas registradas con objeto de enviar informaci\u00f3n de los productos y\/o servicios de la farmacia de forma m\u00e1s personalizada. En ning\u00fan caso este hecho permitir\u00e1 la toma de decisiones automatizadas en relaci\u00f3n a la prestaci\u00f3n o no del servicio por parte de la farmacia.<\/p>\n<p>Los datos ser\u00e1n destruidos pasados 5 a\u00f1os desde la \u00faltima operaci\u00f3n de venta registrada en la ficha del cliente salvo que est\u00e9 pendiente de cobro<\/p>\n<\/td>\n<\/tr>\n<tr>\n<td width=\"106\">\n<p>Legitimaci\u00f3n<\/p>\n<\/td>\n<td width=\"293\">\n<p>Los datos se trataran bajo su consentimiento.<\/p>\n<p>En caso de no prestar su consentimiento no podremos tratar sus datos por lo que no podremos gestionar sus consultas.<\/p>\n<\/td>\n<td width=\"293\">\n<p>Los datos se trataran bajo su consentimiento.<\/p>\n<p>En caso de no prestar su consentimiento no podremos tratar su por lo que no podremos contactar con usted en caso de necesidad y\/o guardar el hist\u00f3rico de sus transacciones comerciales con la farmacia y\/o enviarle informaci\u00f3n sobre nuestros productos y\/o servicios.<\/p>\n<\/td>\n<\/tr>\n<tr>\n<td width=\"106\">\n<p>Destinatarios<\/p>\n<\/td>\n<td colspan=\"2\" width=\"587\">\n<p>Es destinatario de los datos es la propia farmacia<\/p>\n<p>Los datos no se ceder\u00e1n a terceros salvo en los casos legalmente establecidos.<\/p>\n<p>No se transferir\u00e1n los datos a terceros pa\u00edses.<\/p>\n<p>La farmacia contar\u00e1 con el apoyo de otras empresas que actuar\u00e1n como encargados del tratamiento, en particular para la creaci\u00f3n y mantenimiento de la p\u00e1gina web, con quienes firmar\u00e1 el correspondiente contrato de encargado.<\/p>\n<\/td>\n<\/tr>\n<tr>\n<td width=\"106\">\n<p>Derechos<\/p>\n<\/td>\n<td colspan=\"2\" width=\"587\">\n<p>Cualquier persona tiene derecho a obtener confirmaci\u00f3n sobre si estamos tratando datos que le conciernen o no. En caso afirmativo tiene derecho a:<\/p>\n<p>Solicitar el acceso a sus datos personales.<\/p>\n<p>Solicitar su rectificaci\u00f3n o supresi\u00f3n de sus datos.<\/p>\n<p>Solicitar la limitaci\u00f3n de su tratamiento.<\/p>\n<p>Oponerse al tratamiento.<\/p>\n<p>La portabilidad de sus datos<\/p>\n<p>Usted tiene el derecho a revocar el consentimiento.<\/p>\n<p>Para ejercer sus derechos por favor dir\u00edjase a esta farmacia identific\u00e1ndose e indic\u00e1ndonos su solicitud.<\/p>\n<p>Adem\u00e1s tiene el derecho a reclamar ante la Agencia Espa\u00f1ola de Protecci\u00f3n de datos sobre cualquier asunto relativo al tratamiento de sus datos personales.<\/p>\n<\/td>\n<\/tr>\n<\/tbody>\n<\/table>\n","protected":false},"excerpt":{"rendered":"<p>Informaci\u00f3n adicional sobre protecci\u00f3n de datos. Responsable Farmacia: Mar\u00eda Elodia L\u00f3pez Moncho. CIF: 21627970N Direcci\u00f3n: Avda. Gand\u00eda 65, 03830 Muro de Alcoy (Alicante) Tel\u00e9fono: 966517187 Finalidad Gesti\u00f3n de consultas recibidas a trav\u00e9s de la web: Se podr\u00e1 elaborar perfiles de [&hellip;]<\/p>\n","protected":false},"author":1,"featured_media":0,"parent":0,"menu_order":0,"comment_status":"closed","ping_status":"open","template":"","meta":{"_mc_calendar":[]},"yoast_head":"<!-- This site is optimized with the Yoast SEO plugin v18.4.1 - https:\/\/yoast.com\/wordpress\/plugins\/seo\/ -->\n<title>Pol\u00edtica de privacidad - Farmacia Elodia Lopez<\/title>\n<meta name=\"robots\" content=\"noindex, nofollow\" \/>\n<meta property=\"og:locale\" content=\"es_ES\" \/>\n<meta property=\"og:type\" content=\"article\" \/>\n<meta property=\"og:title\" content=\"Pol\u00edtica de privacidad - Farmacia Elodia Lopez\" \/>\n<meta property=\"og:description\" content=\"Informaci\u00f3n adicional sobre protecci\u00f3n de datos. Responsable Farmacia: Mar\u00eda Elodia L\u00f3pez Moncho. CIF: 21627970N Direcci\u00f3n: Avda. Gand\u00eda 65, 03830 Muro de Alcoy (Alicante) Tel\u00e9fono: 966517187 Finalidad Gesti\u00f3n de consultas recibidas a trav\u00e9s de la web: Se podr\u00e1 elaborar perfiles de [&hellip;]\" \/>\n<meta property=\"og:url\" content=\"https:\/\/farmaciaelodialopez.com\/es\/politica-privacidad\/\" \/>\n<meta property=\"og:site_name\" content=\"Farmacia Elodia Lopez\" \/>\n<meta property=\"article:modified_time\" content=\"2021-11-09T09:03:26+00:00\" \/>\n<meta name=\"twitter:card\" content=\"summary_large_image\" \/>\n<meta name=\"twitter:label1\" content=\"Tiempo de lectura\" \/>\n\t<meta name=\"twitter:data1\" content=\"2 minutos\" \/>\n<script type=\"application\/ld+json\" class=\"yoast-schema-graph\">{\"@context\":\"https:\/\/schema.org\",\"@graph\":[{\"@type\":\"WebSite\",\"@id\":\"https:\/\/farmaciaelodialopez.com\/#website\",\"url\":\"https:\/\/farmaciaelodialopez.com\/\",\"name\":\"Farmacia Elodia Lopez\",\"description\":\"Otro sitio realizado con WordPress\",\"potentialAction\":[{\"@type\":\"SearchAction\",\"target\":{\"@type\":\"EntryPoint\",\"urlTemplate\":\"https:\/\/farmaciaelodialopez.com\/?s={search_term_string}\"},\"query-input\":\"required name=search_term_string\"}],\"inLanguage\":\"es\"},{\"@type\":\"WebPage\",\"@id\":\"https:\/\/farmaciaelodialopez.com\/es\/politica-privacidad\/#webpage\",\"url\":\"https:\/\/farmaciaelodialopez.com\/es\/politica-privacidad\/\",\"name\":\"Pol\u00edtica de privacidad - Farmacia Elodia Lopez\",\"isPartOf\":{\"@id\":\"https:\/\/farmaciaelodialopez.com\/#website\"},\"datePublished\":\"2019-05-09T11:56:34+00:00\",\"dateModified\":\"2021-11-09T09:03:26+00:00\",\"breadcrumb\":{\"@id\":\"https:\/\/farmaciaelodialopez.com\/es\/politica-privacidad\/#breadcrumb\"},\"inLanguage\":\"es\",\"potentialAction\":[{\"@type\":\"ReadAction\",\"target\":[\"https:\/\/farmaciaelodialopez.com\/es\/politica-privacidad\/\"]}]},{\"@type\":\"BreadcrumbList\",\"@id\":\"https:\/\/farmaciaelodialopez.com\/es\/politica-privacidad\/#breadcrumb\",\"itemListElement\":[{\"@type\":\"ListItem\",\"position\":1,\"name\":\"Portada\",\"item\":\"https:\/\/farmaciaelodialopez.com\/es\/\"},{\"@type\":\"ListItem\",\"position\":2,\"name\":\"Pol\u00edtica de privacidad\"}]}]}<\/script>\n<!-- \/ Yoast SEO plugin. -->","yoast_head_json":{"title":"Pol\u00edtica de privacidad - Farmacia Elodia Lopez","robots":{"index":"noindex","follow":"nofollow"},"og_locale":"es_ES","og_type":"article","og_title":"Pol\u00edtica de privacidad - Farmacia Elodia Lopez","og_description":"Informaci\u00f3n adicional sobre protecci\u00f3n de datos. Responsable Farmacia: Mar\u00eda Elodia L\u00f3pez Moncho. CIF: 21627970N Direcci\u00f3n: Avda. Gand\u00eda 65, 03830 Muro de Alcoy (Alicante) Tel\u00e9fono: 966517187 Finalidad Gesti\u00f3n de consultas recibidas a trav\u00e9s de la web: Se podr\u00e1 elaborar perfiles de [&hellip;]","og_url":"https:\/\/farmaciaelodialopez.com\/es\/politica-privacidad\/","og_site_name":"Farmacia Elodia Lopez","article_modified_time":"2021-11-09T09:03:26+00:00","twitter_card":"summary_large_image","twitter_misc":{"Tiempo de lectura":"2 minutos"},"schema":{"@context":"https:\/\/schema.org","@graph":[{"@type":"WebSite","@id":"https:\/\/farmaciaelodialopez.com\/#website","url":"https:\/\/farmaciaelodialopez.com\/","name":"Farmacia Elodia Lopez","description":"Otro sitio realizado con WordPress","potentialAction":[{"@type":"SearchAction","target":{"@type":"EntryPoint","urlTemplate":"https:\/\/farmaciaelodialopez.com\/?s={search_term_string}"},"query-input":"required name=search_term_string"}],"inLanguage":"es"},{"@type":"WebPage","@id":"https:\/\/farmaciaelodialopez.com\/es\/politica-privacidad\/#webpage","url":"https:\/\/farmaciaelodialopez.com\/es\/politica-privacidad\/","name":"Pol\u00edtica de privacidad - Farmacia Elodia Lopez","isPartOf":{"@id":"https:\/\/farmaciaelodialopez.com\/#website"},"datePublished":"2019-05-09T11:56:34+00:00","dateModified":"2021-11-09T09:03:26+00:00","breadcrumb":{"@id":"https:\/\/farmaciaelodialopez.com\/es\/politica-privacidad\/#breadcrumb"},"inLanguage":"es","potentialAction":[{"@type":"ReadAction","target":["https:\/\/farmaciaelodialopez.com\/es\/politica-privacidad\/"]}]},{"@type":"BreadcrumbList","@id":"https:\/\/farmaciaelodialopez.com\/es\/politica-privacidad\/#breadcrumb","itemListElement":[{"@type":"ListItem","position":1,"name":"Portada","item":"https:\/\/farmaciaelodialopez.com\/es\/"},{"@type":"ListItem","position":2,"name":"Pol\u00edtica de privacidad"}]}]}},"_links":{"self":[{"href":"https:\/\/farmaciaelodialopez.com\/es\/wp-json\/wp\/v2\/pages\/3"}],"collection":[{"href":"https:\/\/farmaciaelodialopez.com\/es\/wp-json\/wp\/v2\/pages"}],"about":[{"href":"https:\/\/farmaciaelodialopez.com\/es\/wp-json\/wp\/v2\/types\/page"}],"author":[{"embeddable":true,"href":"https:\/\/farmaciaelodialopez.com\/es\/wp-json\/wp\/v2\/users\/1"}],"replies":[{"embeddable":true,"href":"https:\/\/farmaciaelodialopez.com\/es\/wp-json\/wp\/v2\/comments?post=3"}],"version-history":[{"count":3,"href":"https:\/\/farmaciaelodialopez.com\/es\/wp-json\/wp\/v2\/pages\/3\/revisions"}],"predecessor-version":[{"id":10613,"href":"https:\/\/farmaciaelodialopez.com\/es\/wp-json\/wp\/v2\/pages\/3\/revisions\/10613"}],"wp:attachment":[{"href":"https:\/\/farmaciaelodialopez.com\/es\/wp-json\/wp\/v2\/media?parent=3"}],"curies":[{"name":"wp","href":"https:\/\/api.w.org\/{rel}","templated":true}]}}